{"id":357,"date":"2020-02-11T13:10:24","date_gmt":"2020-02-11T13:10:24","guid":{"rendered":"https:\/\/msc-nordhalben.de\/?page_id=357"},"modified":"2020-02-12T13:22:12","modified_gmt":"2020-02-12T13:22:12","slug":"chronik","status":"publish","type":"page","link":"https:\/\/msc-nordhalben.de\/?page_id=357","title":{"rendered":"Chronik"},"content":{"rendered":"\n<p><strong>CRONIK<\/strong><\/p>\n\n\n\n<p><strong>\u00b7&nbsp; 1949 <\/strong><\/p>\n\n\n\n<p>Gr\u00fcndung des DKW-Clubs am 18. Mai im Gasthof \u201eNeue Welt\u201c durch Karl Stey<\/p>\n\n\n\n<p>\u00b7&nbsp;<strong> 1950 <\/strong><\/p>\n\n\n\n<p>Gr\u00fcndung des MSC Nordhalben im Kinosaal \u201eStey\u201c zum 1. Vorsitzenden wurde   Andreas Wunder (Schlosser) gew\u00e4hlt<\/p>\n\n\n\n<p><strong>\u00b7&nbsp; 1951<\/strong><\/p>\n\n\n\n<p>Erste (\u201ewilde\u201c) Gel\u00e4ndefahrt \u201eRund um den Schlo\u00dfberg\u201c<\/p>\n\n\n\n<p>\u00b7&nbsp; <strong>1952<\/strong> <\/p>\n\n\n\n<p>Beitritt zum ADAC und 2. Veranstaltung \u201eRund um den Schlo\u00dfberg\u201c mit 80 Teilnehmern<\/p>\n\n\n\n<p>\u00b7&nbsp; <strong>1953 <\/strong><\/p>\n\n\n\n<p>Der MSC Nordhalben beschlie\u00dft, ein Clubheim zu bauen. Zum 3. Mal \u201eRund um den Schlo\u00dfberg\u201c<\/p>\n\n\n\n<p>\u00b7&nbsp; <strong>1954 <\/strong><\/p>\n\n\n\n<p>Bau des Clubheims des MSC Nordhalben und Einweihung am 24. 11. durch Herrn Pfarrer Fiedler. Karl Stey startet zur \u201eBenelux-Ronde 1954\u201c Standartenweihe am 14.\/15. Juli 1954.  4. Rennveranstaltung \u201eRund um den Schlossberg\u201c mit u.a. Europameister Ewald Kluge und dem Coach des ADLER-Teams Rudi Seltsam.<\/p>\n\n\n\n<p>\u00b7&nbsp; <strong>1955 <\/strong><\/p>\n\n\n\n<p>Aus dem ganzen Bundesgebiet und aus Holland kommen Fahrer zum 5. Rennveranstaltung \u201eRund um den Schlo\u00dfberg\u201c. 160 Starts werden durchgef\u00fchrt.<\/p>\n\n\n\n<p>\u00b7&nbsp; <strong>1956<\/strong> <\/p>\n\n\n\n<p> 6. Rennveranstaltung \u201eRund um den Schlo\u00dfberg\u201c \u2013 damalige Pressemeldung: \u201eZehntausend beim N\u00fcrburgringrennen des Frankenwaldes\u201c Es nehmen Fahrer aus Holland, Belgien und Luxemburg teil.<\/p>\n\n\n\n<p>\u00b7&nbsp; <strong>1957 <\/strong><\/p>\n\n\n\n<p>Immer mehr Lizenz- und Ausweisfahrer gehen an den Start. Die Schirmherrschaft \u00fcbernimmt der Motorsportclub Scheldegouwen\/Middelburg aus Holland!<\/p>\n\n\n\n<p>\u00b7&nbsp; <strong>1958 &#8211; 1960<\/strong><\/p>\n\n\n\n<p>Das internationale Motorradrennen \u201eRund um den Schlo\u00dfberg\u201c geh\u00f6rt zu den Spitzenveranstaltungen des Deutschen Motorsports<\/p>\n\n\n\n<p>\u00b7&nbsp; <strong>1961 <\/strong><\/p>\n\n\n\n<p>Es werden gro\u00dfe Auflagen zur Durchf\u00fchrung der Rennveranstaltung gemacht. Die hohen finanziellen Beitr\u00e4ge und die Kosten zur Flurschadenregulierung k\u00f6nnen nicht mehr aufgebracht werden. Die Vorstandschaft entschlie\u00dft sich, die Rennveranstaltung auszusetzen.<\/p>\n\n\n\n<p>\u00b7&nbsp; <strong>1962<\/strong><\/p>\n\n\n\n<p> Der MSC Nordhalben wird immer wieder ersucht, die Veranstaltung wieder aufleben zu lassen. Die beh\u00f6rdlichen Auflagen werden jedoch immer strenger. Die Vereinsleitung beschlie\u00dft, das Rennen \u201eRund um den Schlo\u00dfberg\u201c nicht mehr durchzuf\u00fchren.<\/p>\n\n\n\n<p><strong>\u00b7 1962 &#8211; 1980<\/strong><\/p>\n\n\n\n<p>Die Aktivit\u00e4ten verlagern sich auf Veranstaltungen mit dem Auto im kleineren Rahmen. Der MSC macht sich einen Namen bei Orientierungsfahrten und im Automobilslalom.<\/p>\n\n\n\n<p>\u00b7&nbsp; <strong>1972<\/strong> <\/p>\n\n\n\n<p>Der MSC Nordhalben sichert die Sonderpr\u00fcfung Tschirn-Nordhalben der Olympia-Rallye ab.<\/p>\n\n\n\n<p>\u00b7&nbsp; <strong>1973<\/strong>  <\/p>\n\n\n\n<p>Der MSC Nordhalben veranstaltet vom 1.10.1973 &#8211; 30.09.1974 eine Stausee- Sternfahrt unter der Schirmherrschaft des Bezirkstags-Pr\u00e4sidenten Anton Hergenr\u00f6ther.<\/p>\n\n\n\n<p>\u00b7&nbsp; <strong>1975<\/strong> <\/p>\n\n\n\n<p>Der MSC Nordhalben begeht unter der Schirmherrschaft des Vorsitzenden des ADAC Nordbayern, Herrn Siegfried Steininger das 25j\u00e4hrige Jubil\u00e4um mit gro\u00dfem Festzelt. Unter anderem findet eine Jubil\u00e4umsfahrt mit Wertungspr\u00fcfung um den Robert-Schlienz-Pokal am 19. Juli statt. Der Club z\u00e4hlt 190 Mitglieder. Der MSC Nordhalben veranstaltet am 14. September einen Automobil-Slalom.<\/p>\n\n\n\n<p>\u00b7&nbsp; <strong>1977 <\/strong><\/p>\n\n\n\n<p>Der MSC Nordhalben bereist Frankreich und besucht das 24-Stunden-Rennen in Le Mans, sowie Verdun, Paris und Stra\u00dfbourg.<\/p>\n\n\n\n<p>\u00b7&nbsp; <strong>1979 <\/strong><\/p>\n\n\n\n<p>Amerika \u2013 Reise des MSC Nordhalben. H\u00f6hepunkt ist der Besuch des \u201e500 Meilen-Rennen von Indianapolis\u201c, weitere Stationen sind die Niagara-F\u00e4lle in Kanada, New York, Philadelphia, Baltimore, Washington D.C., Toronto und Binghampton.<\/p>\n\n\n\n<p>\u00b7&nbsp; <strong>1980<\/strong><\/p>\n\n\n\n<p>Der MSC Nordhalben begeht das 30j\u00e4hrige Jubil\u00e4um in gro\u00dfem Festzelt, unter der Schirmherrschaft des ADAC-Gau-Vizepr\u00e4sidenten Georg Heusinger. Die derzeitige Mitgliederzahl betr\u00e4gt 265.<\/p>\n\n\n\n<p>\u00b7&nbsp; <strong>1981<\/strong> <\/p>\n\n\n\n<p>Der MSC Nordhalben reist nach Monaco und Nizza<\/p>\n\n\n\n<p>\u00b7&nbsp;<strong> 1985 <\/strong><\/p>\n\n\n\n<p>Thomas Schneider wird Nordbayr. Meister im Fahrradturnier und belegt in Hamburg bei der Deutschen Meisterschaft den 7. Platz<\/p>\n\n\n\n<p>\u00b7&nbsp; <strong>1989<\/strong> <\/p>\n\n\n\n<p>Gerhard S\u00fc\u00df wird Deutscher Meister im Automobilslalom 3. Platz an Freddy Ebertsch \/ Harry Gluth bei der Internationalen Bay. Rallye-Meisterschaft <\/p>\n\n\n\n<p>Grenz\u00f6ffnung: Tausende kommen \u00fcber den neuen Grenz\u00fcbergang aus der DDR nach Nordhalben. Der MSC bewirtet G\u00e4ste aus der DDR im Haus des Gastes<\/p>\n\n\n\n<p>\u00b7&nbsp; <strong>1990<\/strong> <\/p>\n\n\n\n<p>Anschaffung des ersten Jugendkarts und Gr\u00fcndung eines Jugendkart-Teams<\/p>\n\n\n\n<p>\u00b7&nbsp;<strong> 1991 <\/strong><\/p>\n\n\n\n<p>Ungarn-Reise des MSC Nordhalben<\/p>\n\n\n\n<p>\u00b7&nbsp;<strong> 1993<\/strong> <\/p>\n\n\n\n<p>Timo Schnura wird bei einer 2-Tages-Veranstaltung Gesamtsieger im Jugendkart-Slalom auf dem Norisring-Gel\u00e4nde in N\u00fcrnberg. Start der 1. \u201egrenz\u00fcberschreitenden\u201c Rennsteigrallye, die seither j\u00e4hrlich durchgef\u00fchrt wird. Mit Sonderpr\u00fcfungen in Bayern und Th\u00fcringen, Rundkurs durch den Ortskern von Nordhalben.<\/p>\n\n\n\n<p><strong>\u00b7\u00a0 1994 <\/strong><\/p>\n\n\n\n<p>Anschaffung eines 2. Jugendkarts.<\/p>\n\n\n\n<p><strong>\u00b7\u00a0 1996<\/strong><\/p>\n\n\n\n<p> Der MSC ist in einer neuen Sparte aktiv: Gel\u00e4ndewagen-Trial<\/p>\n\n\n\n<p><strong>\u00b7\u00a0 1997 <\/strong><\/p>\n\n\n\n<p>Das ADAC-Heim wird von Grund auf renoviert. Der MSC Nordhalben verliert bei einem Sportunfall seinen besten Automobil-Slalomfahrer Gerhard S\u00fc\u00df<\/p>\n\n\n\n<p><strong>\u00b7\u00a0 1998 <\/strong><\/p>\n\n\n\n<p>\u00d6ffnung des ADAC-Heims im neuen Glanz f\u00fcr Clubmitglieder und die \u00d6ffentlichkeit. Es wird ein Spar-Club ADAC-Heim gegr\u00fcndet. Die traditionelle Siedlerkirchweih wird erstmals im ADAC-Heim unter der Regie des MSC Nordhalben durchgef\u00fchrt. In der Jahreshauptversammlung wird beschlossen im Jahre 2000 das 50j\u00e4hrige Bestehen zu feiern. Zur Jahreshauptversammlung 1999 z\u00e4hlt der MSC Nordhalben 304 Mitglieder.<\/p>\n\n\n\n<p><strong>\u00b7\u00a0 2000<\/strong> <\/p>\n\n\n\n<p>Jubil\u00e4umsjahr mit Auto-Slalom, Jugendkart-Slalom, Jubil\u00e4umsfest vom 21.-23. Juli, Siedlerkirchweih 18.-20. August, Rallye-Challenge-Lauf 15.\/16. September.<\/p>\n\n\n\n<p><strong>\u00b7\u00a0 2003 <\/strong><\/p>\n\n\n\n<p>Der MSC Nordhalben veranstaltet seine 1. Oldtimer-Ausfahrt \u201eRund um den Schlo\u00dfberg\u201c mit zahlreichen Teilnehmern.<\/p>\n\n\n\n<p class=\"has-text-color has-large-font-size has-vivid-red-color\"><strong>Das\nMSC-Lied<\/strong><\/p>\n\n\n\n<p class=\"has-normal-font-size\">Ob\u00b4s\nst\u00fcrmt oder schneit, ob die Sonne uns lacht<br>\nDer Tag gl\u00fchend hei\u00df oder finster die Nacht.<br>\nBestaubt sind die Gesichter, doch froh ist unser Sinn (ja unser Sinn)<br>\nEs braust unser Fahrzeug im Sturmwind dahin.<br>\nBestaubt sind die Gesichter&#8230;<\/p>\n\n\n\n<p>Und\nsind wir auf Fahrt, dann geh\u00f6rt uns die Welt,<br>\nwir fahren durch Wiesen, St\u00e4dte und Feld.<br>\nDenn uns geh\u00f6rt die Stra\u00dfe, ja uns nur ganz allein (ja ganz allein)<br>\nUnd fr\u00fchmorgens sp\u00e4t, ja dann kehren wir heim.<br>\nDenn uns geh\u00f6rt die Stra\u00dfe&#8230;<\/p>\n\n\n\n<p>Der\nSport den wir lieben, ist unsere Braut.<br>\nWir h\u00f6ren das Brummen der Motoren so laut.<br>\nUnd geht mal was in Tr\u00fcmmer, das macht uns gar nichts aus (ja gar nichts aus)<br>\nWir fahren allj\u00e4hrlich die Siege nach Haus.<br>\nUnd geht mal was in Tr\u00fcmmer&#8230;<\/p>\n","protected":false},"excerpt":{"rendered":"<p>CRONIK \u00b7&nbsp; 1949 Gr\u00fcndung des DKW-Clubs am 18. Mai im Gasthof \u201eNeue Welt\u201c durch Karl Stey \u00b7&nbsp; 1950 Gr\u00fcndung des MSC Nordhalben im Kinosaal \u201eStey\u201c zum 1. Vorsitzenden wurde Andreas Wunder (Schlosser) gew\u00e4hlt \u00b7&nbsp; 1951 Erste (\u201ewilde\u201c) Gel\u00e4ndefahrt \u201eRund um den Schlo\u00dfberg\u201c \u00b7&nbsp; 1952 Beitritt zum ADAC und 2. Veranstaltung \u201eRund um den Schlo\u00dfberg\u201c mit &hellip; <\/p>\n<p class=\"link-more\"><a href=\"https:\/\/msc-nordhalben.de\/?page_id=357\" class=\"more-link\"><span class=\"screen-reader-text\">\u201eChronik\u201c <\/span>weiterlesen<\/a><\/p>\n","protected":false},"author":1,"featured_media":0,"parent":0,"menu_order":0,"comment_status":"closed","ping_status":"closed","template":"","meta":{"_uag_custom_page_level_css":"","footnotes":""},"class_list":["post-357","page","type-page","status-publish","hentry"],"uagb_featured_image_src":{"full":false,"thumbnail":false,"medium":false,"medium_large":false,"large":false,"1536x1536":false,"2048x2048":false,"twentyseventeen-featured-image":false,"twentyseventeen-thumbnail-avatar":false},"uagb_author_info":{"display_name":"Carmen Schw\u00e4mmlein-Wolf","author_link":"https:\/\/msc-nordhalben.de\/?author=1"},"uagb_comment_info":0,"uagb_excerpt":"CRONIK \u00b7&nbsp; 1949 Gr\u00fcndung des DKW-Clubs am 18. Mai im Gasthof \u201eNeue Welt\u201c durch Karl Stey \u00b7&nbsp; 1950 Gr\u00fcndung des MSC Nordhalben im Kinosaal \u201eStey\u201c zum 1. Vorsitzenden wurde Andreas Wunder (Schlosser) gew\u00e4hlt \u00b7&nbsp; 1951 Erste (\u201ewilde\u201c) Gel\u00e4ndefahrt \u201eRund um den Schlo\u00dfberg\u201c \u00b7&nbsp; 1952 Beitritt zum ADAC und 2. Veranstaltung \u201eRund um den Schlo\u00dfberg\u201c mit&hellip;","_links":{"self":[{"href":"https:\/\/msc-nordhalben.de\/index.php?rest_route=\/wp\/v2\/pages\/357","targetHints":{"allow":["GET"]}}],"collection":[{"href":"https:\/\/msc-nordhalben.de\/index.php?rest_route=\/wp\/v2\/pages"}],"about":[{"href":"https:\/\/msc-nordhalben.de\/index.php?rest_route=\/wp\/v2\/types\/page"}],"author":[{"embeddable":true,"href":"https:\/\/msc-nordhalben.de\/index.php?rest_route=\/wp\/v2\/users\/1"}],"replies":[{"embeddable":true,"href":"https:\/\/msc-nordhalben.de\/index.php?rest_route=%2Fwp%2Fv2%2Fcomments&post=357"}],"version-history":[{"count":6,"href":"https:\/\/msc-nordhalben.de\/index.php?rest_route=\/wp\/v2\/pages\/357\/revisions"}],"predecessor-version":[{"id":436,"href":"https:\/\/msc-nordhalben.de\/index.php?rest_route=\/wp\/v2\/pages\/357\/revisions\/436"}],"wp:attachment":[{"href":"https:\/\/msc-nordhalben.de\/index.php?rest_route=%2Fwp%2Fv2%2Fmedia&parent=357"}],"curies":[{"name":"wp","href":"https:\/\/api.w.org\/{rel}","templated":true}]}}