{"id":2,"date":"2016-05-10T03:48:21","date_gmt":"2016-05-10T03:48:21","guid":{"rendered":"http:\/\/msc-nordhalben.de\/?page_id=2"},"modified":"2025-07-22T10:32:07","modified_gmt":"2025-07-22T10:32:07","slug":"sample-page","status":"publish","type":"page","link":"https:\/\/msc-nordhalben.de\/","title":{"rendered":"Herzlich Willkommen beim MSC Nordhalben e. V. im ADAC"},"content":{"rendered":"\n<figure class=\"wp-block-image size-large is-resized\"><img loading=\"lazy\" decoding=\"async\" width=\"1024\" height=\"434\" src=\"https:\/\/msc-nordhalben.de\/wp-content\/uploads\/2022\/07\/Ortsclub-links-1024x434.jpg\" alt=\"\" class=\"wp-image-1121\" style=\"width:136px;height:57px\" srcset=\"https:\/\/msc-nordhalben.de\/wp-content\/uploads\/2022\/07\/Ortsclub-links-1024x434.jpg 1024w, https:\/\/msc-nordhalben.de\/wp-content\/uploads\/2022\/07\/Ortsclub-links-300x127.jpg 300w, https:\/\/msc-nordhalben.de\/wp-content\/uploads\/2022\/07\/Ortsclub-links-768x326.jpg 768w, https:\/\/msc-nordhalben.de\/wp-content\/uploads\/2022\/07\/Ortsclub-links.jpg 1358w\" sizes=\"auto, (max-width: 767px) 89vw, (max-width: 1000px) 54vw, (max-width: 1071px) 543px, 580px\" \/><\/figure>\n\n\n\n<p>Die Ergebnisse des Cross-Slaloms findet ihr in &#8222;Termine, Nennungen &amp; Ergebnisse&#8220;<\/p>\n\n\n\n<p class=\"has-text-align-center\"><\/p>\n\n\n\n<h2 class=\"wp-block-heading has-text-align-center\"><\/h2>\n\n\n\n<figure class=\"wp-block-gallery has-nested-images columns-default is-cropped wp-block-gallery-1 is-layout-flex wp-block-gallery-is-layout-flex\"><\/figure>\n\n\n\n<p>Die Ergebnisse findet Ihr unter TERMINE, NENNUNGEN &amp; ERGEBNISSE<\/p>\n\n\n\n<p><\/p>\n\n\n\n<p><\/p>\n\n\n\n<p class=\"has-vivid-green-cyan-color has-text-color\">Zur Bildergalerie&#8230;auf Frank klicken&#8230;<\/p>\n\n\n\n<div class=\"wp-block-columns is-layout-flex wp-container-core-columns-is-layout-9d6595d7 wp-block-columns-is-layout-flex\">\n<div class=\"wp-block-column is-layout-flow wp-block-column-is-layout-flow\">\n<figure class=\"wp-block-image size-full is-resized\"><a class=\"https:\/\/msc-nordhalben.de\/?page_id=251\" href=\"https:\/\/msc-nordhalben.de\/?page_id=251\" rel=\"Bikdergalarie\"><img loading=\"lazy\" decoding=\"async\" width=\"160\" height=\"213\" src=\"https:\/\/msc-nordhalben.de\/wp-content\/uploads\/2022\/08\/Frank.jpg\" alt=\"\" class=\"wp-image-1136\" style=\"width:255px;height:339px\"\/><\/a><\/figure>\n<\/div>\n<\/div>\n\n\n\n<div class=\"wp-block-group\"><div class=\"wp-block-group__inner-container is-layout-flow wp-block-group-is-layout-flow\">\n<div class=\"wp-block-group\"><div class=\"wp-block-group__inner-container is-layout-flow wp-block-group-is-layout-flow\"><\/div><\/div>\n<\/div><\/div>\n\n\n\n<div class=\"wp-block-columns is-layout-flex wp-container-core-columns-is-layout-9d6595d7 wp-block-columns-is-layout-flex\">\n<div class=\"wp-block-column is-layout-flow wp-block-column-is-layout-flow\"><\/div>\n\n\n\n<div class=\"wp-block-column is-layout-flow wp-block-column-is-layout-flow\">\n<p>Wer also Infos und\/oder Bildmaterial zur Verf\u00fcgung stellen m\u00f6chte, m\u00f6ge mir bitte doch einfach eine Mail senden. <a aria-label=\"Mail (\u00f6ffnet in neuem Tab)\" rel=\"noreferrer noopener\" href=\"mailto:admin@msc-nordhalben.de\" target=\"_blank\">Mail<\/a><\/p>\n<\/div>\n<\/div>\n\n\n\n<div class=\"wp-block-columns is-layout-flex wp-container-core-columns-is-layout-9d6595d7 wp-block-columns-is-layout-flex\">\n<div class=\"wp-block-column is-layout-flow wp-block-column-is-layout-flow\"><\/div>\n\n\n\n<div class=\"wp-block-column is-layout-flow wp-block-column-is-layout-flow\"><\/div>\n<\/div>\n\n\n\n<h2 class=\"wp-block-heading\"><\/h2>\n","protected":false},"excerpt":{"rendered":"<p>Die Ergebnisse des Cross-Slaloms findet ihr in &#8222;Termine, Nennungen &amp; Ergebnisse&#8220; Die Ergebnisse findet Ihr unter TERMINE, NENNUNGEN &amp; ERGEBNISSE Zur Bildergalerie&#8230;auf Frank klicken&#8230; Wer also Infos und\/oder Bildmaterial zur Verf\u00fcgung stellen m\u00f6chte, m\u00f6ge mir bitte doch einfach eine Mail senden. Mail<\/p>\n","protected":false},"author":1,"featured_media":0,"parent":0,"menu_order":0,"comment_status":"closed","ping_status":"open","template":"","meta":{"_uag_custom_page_level_css":"","footnotes":""},"class_list":["post-2","page","type-page","status-publish","hentry"],"uagb_featured_image_src":{"full":false,"thumbnail":false,"medium":false,"medium_large":false,"large":false,"1536x1536":false,"2048x2048":false,"twentyseventeen-featured-image":false,"twentyseventeen-thumbnail-avatar":false},"uagb_author_info":{"display_name":"Carmen Schw\u00e4mmlein-Wolf","author_link":"https:\/\/msc-nordhalben.de\/?author=1"},"uagb_comment_info":0,"uagb_excerpt":"Die Ergebnisse des Cross-Slaloms findet ihr in &#8222;Termine, Nennungen &amp; Ergebnisse&#8220; Die Ergebnisse findet Ihr unter TERMINE, NENNUNGEN &amp; ERGEBNISSE Zur Bildergalerie&#8230;auf Frank klicken&#8230; Wer also Infos und\/oder Bildmaterial zur Verf\u00fcgung stellen m\u00f6chte, m\u00f6ge mir bitte doch einfach eine Mail senden. Mail","_links":{"self":[{"href":"https:\/\/msc-nordhalben.de\/index.php?rest_route=\/wp\/v2\/pages\/2","targetHints":{"allow":["GET"]}}],"collection":[{"href":"https:\/\/msc-nordhalben.de\/index.php?rest_route=\/wp\/v2\/pages"}],"about":[{"href":"https:\/\/msc-nordhalben.de\/index.php?rest_route=\/wp\/v2\/types\/page"}],"author":[{"embeddable":true,"href":"https:\/\/msc-nordhalben.de\/index.php?rest_route=\/wp\/v2\/users\/1"}],"replies":[{"embeddable":true,"href":"https:\/\/msc-nordhalben.de\/index.php?rest_route=%2Fwp%2Fv2%2Fcomments&post=2"}],"version-history":[{"count":117,"href":"https:\/\/msc-nordhalben.de\/index.php?rest_route=\/wp\/v2\/pages\/2\/revisions"}],"predecessor-version":[{"id":1500,"href":"https:\/\/msc-nordhalben.de\/index.php?rest_route=\/wp\/v2\/pages\/2\/revisions\/1500"}],"wp:attachment":[{"href":"https:\/\/msc-nordhalben.de\/index.php?rest_route=%2Fwp%2Fv2%2Fmedia&parent=2"}],"curies":[{"name":"wp","href":"https:\/\/api.w.org\/{rel}","templated":true}]}}