{"id":139,"date":"2020-02-04T21:00:39","date_gmt":"2020-02-04T21:00:39","guid":{"rendered":"https:\/\/msc-nordhalben.de\/?page_id=139"},"modified":"2023-03-20T10:27:55","modified_gmt":"2023-03-20T10:27:55","slug":"datenschutz","status":"publish","type":"page","link":"https:\/\/msc-nordhalben.de\/?page_id=139","title":{"rendered":"Datenschutz"},"content":{"rendered":"\n<p><strong>Allgemeine\nHinweise <\/strong><\/p>\n\n\n\n<p>Nachfolgend\nm\u00f6chten wir Sie \u00fcber die Art, den Umfang und die Zwecke der Erhebung und\nVerwendung Ihrer personenbezogenen Daten auf unserer Webseite informieren. Wir\nbehandeln personenbezogene Daten gem\u00e4\u00df dieser Datenschutzerkl\u00e4rung und der\ngesetzlichen Vorschriften grunds\u00e4tzlich vertraulich. Den Schutz Ihrer\npers\u00f6nlichen Daten nehmen wir sehr ernst. Wenn Sie unsere Website benutzen,\nwerden verschiedene personenbezogene Daten erhoben. Personenbezogene Daten sind\nDaten, mit denen Sie pers\u00f6nlich identifiziert werden k\u00f6nnen. Die vorliegende\nDatenschutzerkl\u00e4rung erl\u00e4utert, welche Daten wir erheben und wof\u00fcr wir diese\nnutzen. Sie erl\u00e4utert auch, wie und zu welchem Zweck das geschieht. Eine\nDaten\u00fcbertragung im Internet kann z.B. bei E-Mail-Kommunikation Sicherheitsl\u00fccken\naufweisen Wir m\u00f6chten Sie darauf hinweisen, dass ein l\u00fcckenloser Schutz der\nDaten vor dem Zugriff durch Dritte nicht m\u00f6glich ist. <\/p>\n\n\n\n<p><strong>Datenerfassung\nauf unserer Website <\/strong><\/p>\n\n\n\n<p><strong>Wer\nist verantwortlich f\u00fcr die Datenerfassung auf dieser Website? <\/strong><\/p>\n\n\n\n<p>MSC\nNordhalben e. V. im ADAC<\/p>\n\n\n\n<p>Wiesenstr.\n3<\/p>\n\n\n\n<p>96365\nNordhalben<\/p>\n\n\n\n<p>Kontaktdaten\n<\/p>\n\n\n\n<p>Vorstand\ni. S. d. \u00a7 26 BGB <\/p>\n\n\n\n<p>Michael Wunder<\/p>\n\n\n\n<p><strong>Hosting\n<\/strong><\/p>\n\n\n\n<p>Unsere\nin Anspruch genommenen Hosting-Leistungen, um den Betrieb der Homepage\nsicherzustellen, umfassen folgende Leistungen: Plattformdienstleistungen,\nWebspace, Datenbank, technische Wartung. <\/p>\n\n\n\n<p><strong>Welche\nDaten werden erfasst und wie? <\/strong><\/p>\n\n\n\n<p><strong>Server-Log-Dateien\n<\/strong><\/p>\n\n\n\n<p>Der\nProvider der Seiten erhebt und speichert automatisch Informationen in so\ngenannten Server-LogDateien, die Ihr Browser automatisch \u00fcbermittelt. Dies\nsind: <\/p>\n\n\n\n<ul class=\"wp-block-list\">\n<li>Browsertyp und Browserversion <\/li>\n\n\n\n<li>verwendetes Betriebssystem <\/li>\n\n\n\n<li>Referrer URL <\/li>\n\n\n\n<li>Hostname des zugreifenden Rechners <\/li>\n\n\n\n<li>Uhrzeit der Serveranfrage&nbsp; <\/li>\n\n\n\n<li>IP-Adresse <\/li>\n<\/ul>\n\n\n\n<p>Diese\nwerden ben\u00f6tigt, um Angriffe, einen fehlerhaften Code oder allgemeine Fehler zu\nidentifizieren und werden nach vier Wochen vom Webserver automatisch gel\u00f6scht.\nEine Zusammenf\u00fchrung dieser Daten mit anderen Datenquellen findet nicht statt.\nGrundlage f\u00fcr die Datenverarbeitung ist Art. 6 Abs. 1, b DSGVO, der die\nVerarbeitung von Daten zur Erf\u00fcllung eines Vertrags oder vorvertraglicher\nMa\u00dfnahmen gestattet. <\/p>\n\n\n\n<p><strong>Cookies\n<\/strong><\/p>\n\n\n\n<p>Die\nInternetseiten verwenden so genannte Cookies. Cookies richten auf Ihrem Rechner\nkeinen Schaden an und enthalten keine Viren. Cookies dienen dazu, unser Angebot\nnutzerfreundlicher, effektiver und sicherer zu machen. Cookies sind kleine\nTextdateien, die auf Ihrem Rechner abgelegt werden und die Ihr Browser\nspeichert. <\/p>\n\n\n\n<p>Die\nmeisten der von uns verwendeten Cookies sind so genannte \u201cSession-Cookies\u201d. Sie\nwerden nach Ende Ihres Besuchs automatisch gel\u00f6scht. Andere Cookies bleiben auf\nIhrem Endger\u00e4t gespeichert bis Sie diese l\u00f6schen. Diese Cookies erm\u00f6glichen es\nuns, Ihren Browser beim n\u00e4chsten Besuch wiederzuerkennen. <\/p>\n\n\n\n<p>Sie\nk\u00f6nnen Ihren Browser so einstellen, dass Sie \u00fcber das Setzen von Cookies\ninformiert werden und Cookies nur im Einzelfall erlauben, die Annahme von\nCookies f\u00fcr bestimmte F\u00e4lle oder generell ausschlie\u00dfen sowie das automatische\nL\u00f6schen der Cookies beim Schlie\u00dfen des Browsers aktivieren. Bei der\nDeaktivierung von Cookies kann die Funktionalit\u00e4t dieser Website eingeschr\u00e4nkt\nsein. <\/p>\n\n\n\n<p>Cookies,\ndie zur Durchf\u00fchrung des elektronischen Kommunikationsvorgangs oder zur\nBereitstellung bestimmter, von Ihnen erw\u00fcnschter Funktionen (z.B.\nWarenkorbfunktion) erforderlich sind, werden auf Grundlage von Art. 6 Abs. 1, f\nDSGVO gespeichert. Der Websitebetreiber hat ein berechtigtes Interesse an der\nSpeicherung von Cookies zur technisch fehlerfreien und optimierten\nBereitstellung seiner Dienste. <\/p>\n\n\n\n<p><strong>Wof\u00fcr\nwerden erhobene Daten genutzt? <\/strong><\/p>\n\n\n\n<p>Ein\nTeil der Daten wird erhoben, um eine fehlerfreie Bereitstellung der Website zu\ngew\u00e4hrleisten. Andere Daten k\u00f6nnen zur Analyse des Nutzerverhaltens verwendet\nwerden.<\/p>\n\n\n\n<p>Analyse-Tools\nund Tools von Drittanbietern <\/p>\n\n\n\n<p>Wir\nverwenden keine Analyse-Tools und Tools von Drittanbietern. <\/p>\n\n\n\n<p><strong>Kontaktformulare,\nRSS-Feeds, Onlinemelder <\/strong><\/p>\n\n\n\n<p>Wir\nverarbeiten Daten (z. B. Namen und Adressen sowie Kontaktdaten von Nutzern),\ndie in den Kontaktformularen, Anmeldung f\u00fcr RSS-Feeds oder im Onlinemelder\nerhoben werden, um vertraglichen Verpflichtungen, Serviceleistungen und der\nOrganisation von Wettk\u00e4mpfen und Veranstaltungen nachzukommen. Ebenso werden\ndie Vertragsdaten bei einer Abo-Bestellung oder einer Bestellung im\nBSSB-Online-Shop (z.B. in Anspruch genommene Leistungen, Name, Adresse,\nKontaktdaten, Zahlungsinformationen) zwecks Erf\u00fcllung unserer vertraglichen\nVerpflichtungen gem. Art. 6 Abs. 1 DSGVO verarbeitet. <\/p>\n\n\n\n<p><strong>Routenplaner\n<\/strong><\/p>\n\n\n\n<p>Im\nService-Center auf unserer Homepage ist als Routenplaner Google Maps\nimplementiert. Hierf\u00fcr gelten die Datenschutzerkl\u00e4rung und Nutzungsbedingungen\nvon Google:\nhttps:\/\/policies.google.com\/privacy?hl=de&#038;gl=dehttps:\/\/policies.google.com\/privacy?hl=de&#038;gl=de\n<\/p>\n\n\n\n<p><strong>Welche\nRechte haben Sie bez\u00fcglich Ihrer Daten? <\/strong><\/p>\n\n\n\n<p><strong>Auskunft,\nSperrung, L\u00f6schung <\/strong><\/p>\n\n\n\n<p>Sie\nhaben jederzeit das Recht unentgeltlich Auskunft \u00fcber Herkunft, Empf\u00e4nger und\nZweck Ihrer gespeicherten personenbezogenen Daten zu erhalten. Sie haben\nau\u00dferdem das Recht, die Berichtigung, Sperrung oder L\u00f6schung Ihrer Daten zu\nverlangen. Des Weiteren steht Ihnen ein Beschwerderecht bei der zust\u00e4ndigen\nAufsichtsbeh\u00f6rde zu. <\/p>\n\n\n\n<p><strong>Widerruf\nIhrer Einwilligung zur Datenverarbeitung <\/strong><\/p>\n\n\n\n<p>Viele\nDatenverarbeitungsvorg\u00e4nge sind nur mit Ihrer ausdr\u00fccklichen Einwilligung\nm\u00f6glich. Sie k\u00f6nnen eine bereits erteilte Einwilligung jederzeit widerrufen.\nDazu reicht eine formlose Mitteilung per E-Mail an uns. Die Rechtm\u00e4\u00dfigkeit der\nbis zum Widerruf erfolgten Datenverarbeitung bleibt vom Widerruf unber\u00fchrt. <\/p>\n\n\n\n<p><strong>Ver\u00f6ffentlichung\nvon Daten und Fotos auf der Homepage <\/strong><\/p>\n\n\n\n<p>In\nunseren online-Medien wird von Wettbewerben in Ton, Bild, Video und Text\nberichtet. Au\u00dferdem werden Ergebnislisten dieser Wettbewerbe ver\u00f6ffentlicht.\nEine entsprechende Ergebnisliste ist zwingender Bestandteil des sportlichen\nWettkampfes, denn dem sportlichen Wettbewerb ist es immanent, dass man sich mit\nseinem sportlichen Kontrahenten misst und vergleicht und am Ende feststellt,\nwer der bessere ist. Diese Feststellung geschieht durch die Ver\u00f6ffentlichung\nder Ergebnisliste. Damit hat diese aber auch eine Bedeutung f\u00fcr die Zukunft,\ndenn auch zuk\u00fcnftig ist es aus sportlicher Sicht interessant zu wissen, wie der\neinzelne Teilnehmer bei dem Wettbewerben abgeschnitten hat. <\/p>\n\n\n\n<p>Mit\nder Teilnahme an einem Wettbewerb erkl\u00e4rt sich der Teilnehmer bereit, dass\ndiese Daten, Bilder, Videos erfasst und ver\u00f6ffentlicht werden. Eine sp\u00e4tere\nL\u00f6schung dieser oder Streichung insbesondere aus den Ergebnislisten erfolgt\ndaher nicht; auch nicht bei Austritt des Teilnehmers aus dem Verein. <\/p>\n\n\n\n<p>Sportlerinnen\nund Sportler, die eine Ver\u00f6ffentlichung ihrer Daten in Ergebnislisten sowie\nBerichterstattung von Wettbewerben mit ihrer Namensnennung oder\nVer\u00f6ffentlichung ihrer Person in Ton, Bild oder Film auf dem Siegertreppchen\noder Wettkampf nicht w\u00fcnschen, d\u00fcrfen daher nicht an dem Wettbewerb teilnehmen.\n<\/p>\n\n\n\n<p><strong>Beschwerderecht\nbei der zust\u00e4ndigen Aufsichtsbeh\u00f6rde <\/strong><\/p>\n\n\n\n<p>Im\nFalle datenschutzrechtlicher Verst\u00f6\u00dfe steht dem Betroffenen ein Beschwerderecht\nbei der zust\u00e4ndigen Aufsichtsbeh\u00f6rde zu. Die Beschwerde kann \u00fcber den Link\nhttps:\/\/www.lda.bayern.de\/de\/beschwerde.html an die zust\u00e4ndigen\nLandesdatenschutzbeauftragten der Aufsichtsbeh\u00f6rde in Bayern erfolgen. <\/p>\n\n\n\n<p><strong>Recht\nauf Daten\u00fcbertragbarkeit <\/strong><\/p>\n\n\n\n<p>Sie\nhaben das Recht, Daten, die wir auf Grundlage Ihrer Einwilligung oder in\nErf\u00fcllung eines Vertrags automatisiert verarbeiten, an sich oder an einen\nDritten in einem g\u00e4ngigen, maschinenlesbaren Format aush\u00e4ndigen zu lassen.\nSofern Sie die direkte \u00dcbertragung der Daten an einen anderen Verantwortlichen\nverlangen, erfolgt dies nur, soweit es technisch machbar ist. <\/p>\n\n\n\n<p><strong>SSL-\nbzw. TLS-Verschl\u00fcsselung <\/strong><\/p>\n\n\n\n<p>Diese\nSeite nutzt aus Sicherheitsgr\u00fcnden und zum Schutz der \u00dcbertragung vertraulicher\nInhalte, wie zum Beispiel Bestellungen oder Anfragen, die Sie an uns als\nSeitenbetreiber senden, eine SSL-bzw. TLS-Verschl\u00fcsselung. Eine verschl\u00fcsselte\nVerbindung erkennen Sie daran, dass die Adresszeile des Browsers von \u201chttp:\/\/\u201d\nauf \u201chttps:\/\/\u201d wechselt und an dem Schloss-Symbol in Ihrer Browserzeile. Wenn\ndie SSL- bzw. TLS-Verschl\u00fcsselung aktiviert ist, k\u00f6nnen die Daten, die Sie an\nuns \u00fcbermitteln, nicht von Dritten mitgelesen werden.<\/p>\n","protected":false},"excerpt":{"rendered":"<p>Allgemeine Hinweise Nachfolgend m\u00f6chten wir Sie \u00fcber die Art, den Umfang und die Zwecke der Erhebung und Verwendung Ihrer personenbezogenen Daten auf unserer Webseite informieren. Wir behandeln personenbezogene Daten gem\u00e4\u00df dieser Datenschutzerkl\u00e4rung und der gesetzlichen Vorschriften grunds\u00e4tzlich vertraulich. Den Schutz Ihrer pers\u00f6nlichen Daten nehmen wir sehr ernst. Wenn Sie unsere Website benutzen, werden verschiedene personenbezogene &hellip; <\/p>\n<p class=\"link-more\"><a href=\"https:\/\/msc-nordhalben.de\/?page_id=139\" class=\"more-link\"><span class=\"screen-reader-text\">\u201eDatenschutz\u201c <\/span>weiterlesen<\/a><\/p>\n","protected":false},"author":1,"featured_media":0,"parent":0,"menu_order":0,"comment_status":"closed","ping_status":"closed","template":"","meta":{"_uag_custom_page_level_css":"","footnotes":""},"class_list":["post-139","page","type-page","status-publish","hentry"],"uagb_featured_image_src":{"full":false,"thumbnail":false,"medium":false,"medium_large":false,"large":false,"1536x1536":false,"2048x2048":false,"twentyseventeen-featured-image":false,"twentyseventeen-thumbnail-avatar":false},"uagb_author_info":{"display_name":"Carmen Schw\u00e4mmlein-Wolf","author_link":"https:\/\/msc-nordhalben.de\/?author=1"},"uagb_comment_info":0,"uagb_excerpt":"Allgemeine Hinweise Nachfolgend m\u00f6chten wir Sie \u00fcber die Art, den Umfang und die Zwecke der Erhebung und Verwendung Ihrer personenbezogenen Daten auf unserer Webseite informieren. Wir behandeln personenbezogene Daten gem\u00e4\u00df dieser Datenschutzerkl\u00e4rung und der gesetzlichen Vorschriften grunds\u00e4tzlich vertraulich. Den Schutz Ihrer pers\u00f6nlichen Daten nehmen wir sehr ernst. Wenn Sie unsere Website benutzen, werden verschiedene personenbezogene&hellip;","_links":{"self":[{"href":"https:\/\/msc-nordhalben.de\/index.php?rest_route=\/wp\/v2\/pages\/139","targetHints":{"allow":["GET"]}}],"collection":[{"href":"https:\/\/msc-nordhalben.de\/index.php?rest_route=\/wp\/v2\/pages"}],"about":[{"href":"https:\/\/msc-nordhalben.de\/index.php?rest_route=\/wp\/v2\/types\/page"}],"author":[{"embeddable":true,"href":"https:\/\/msc-nordhalben.de\/index.php?rest_route=\/wp\/v2\/users\/1"}],"replies":[{"embeddable":true,"href":"https:\/\/msc-nordhalben.de\/index.php?rest_route=%2Fwp%2Fv2%2Fcomments&post=139"}],"version-history":[{"count":3,"href":"https:\/\/msc-nordhalben.de\/index.php?rest_route=\/wp\/v2\/pages\/139\/revisions"}],"predecessor-version":[{"id":1244,"href":"https:\/\/msc-nordhalben.de\/index.php?rest_route=\/wp\/v2\/pages\/139\/revisions\/1244"}],"wp:attachment":[{"href":"https:\/\/msc-nordhalben.de\/index.php?rest_route=%2Fwp%2Fv2%2Fmedia&parent=139"}],"curies":[{"name":"wp","href":"https:\/\/api.w.org\/{rel}","templated":true}]}}