{"id":120,"date":"2020-02-04T19:56:54","date_gmt":"2020-02-04T19:56:54","guid":{"rendered":"https:\/\/msc-nordhalben.de\/?page_id=120"},"modified":"2026-01-14T12:10:18","modified_gmt":"2026-01-14T12:10:18","slug":"impressum","status":"publish","type":"page","link":"https:\/\/msc-nordhalben.de\/?page_id=120","title":{"rendered":"Impressum"},"content":{"rendered":"\n<p>MSC Nordhalben e. V. im ADAC<\/p>\n\n\n\n<p>Wiesenstra\u00dfe 3<br>96365 Nordhalben<\/p>\n\n\n\n<p>Vertretungsberechtigter Vorstand:<br>1. Vorstand<br>Michael Wunder<br>Amlichstra\u00dfe 8<br>96365 Nordhalben<br>Tel. 0171 3621744<br>E-Mail: <a href=\"mailto:kfz.wunder@t-online.de\">kfz.wunder@t-online.de<\/a><\/p>\n\n\n\n<p>2. Vorstand<br>Mirko K\u00f6stner<br>Galgenberg 18<br>96365 Nordhalben<br>Tel. 0160 1548896<br>E-Mail: koemi@t-online.de<\/p>\n\n\n\n<p><\/p>\n\n\n\n<p><\/p>\n\n\n\n<p><\/p>\n","protected":false},"excerpt":{"rendered":"<p>MSC Nordhalben e. V. im ADAC Wiesenstra\u00dfe 396365 Nordhalben Vertretungsberechtigter Vorstand:1. VorstandMichael WunderAmlichstra\u00dfe 896365 NordhalbenTel. 0171 3621744E-Mail: kfz.wunder@t-online.de 2. VorstandMirko K\u00f6stnerGalgenberg 1896365 NordhalbenTel. 0160 1548896E-Mail: koemi@t-online.de<\/p>\n","protected":false},"author":1,"featured_media":0,"parent":0,"menu_order":0,"comment_status":"closed","ping_status":"closed","template":"","meta":{"_uag_custom_page_level_css":"","footnotes":""},"class_list":["post-120","page","type-page","status-publish","hentry"],"uagb_featured_image_src":{"full":false,"thumbnail":false,"medium":false,"medium_large":false,"large":false,"1536x1536":false,"2048x2048":false,"twentyseventeen-featured-image":false,"twentyseventeen-thumbnail-avatar":false},"uagb_author_info":{"display_name":"Carmen Schw\u00e4mmlein-Wolf","author_link":"https:\/\/msc-nordhalben.de\/?author=1"},"uagb_comment_info":0,"uagb_excerpt":"MSC Nordhalben e. V. im ADAC Wiesenstra\u00dfe 396365 Nordhalben Vertretungsberechtigter Vorstand:1. VorstandMichael WunderAmlichstra\u00dfe 896365 NordhalbenTel. 0171 3621744E-Mail: kfz.wunder@t-online.de 2. VorstandMirko K\u00f6stnerGalgenberg 1896365 NordhalbenTel. 0160 1548896E-Mail: koemi@t-online.de","_links":{"self":[{"href":"https:\/\/msc-nordhalben.de\/index.php?rest_route=\/wp\/v2\/pages\/120","targetHints":{"allow":["GET"]}}],"collection":[{"href":"https:\/\/msc-nordhalben.de\/index.php?rest_route=\/wp\/v2\/pages"}],"about":[{"href":"https:\/\/msc-nordhalben.de\/index.php?rest_route=\/wp\/v2\/types\/page"}],"author":[{"embeddable":true,"href":"https:\/\/msc-nordhalben.de\/index.php?rest_route=\/wp\/v2\/users\/1"}],"replies":[{"embeddable":true,"href":"https:\/\/msc-nordhalben.de\/index.php?rest_route=%2Fwp%2Fv2%2Fcomments&post=120"}],"version-history":[{"count":5,"href":"https:\/\/msc-nordhalben.de\/index.php?rest_route=\/wp\/v2\/pages\/120\/revisions"}],"predecessor-version":[{"id":1455,"href":"https:\/\/msc-nordhalben.de\/index.php?rest_route=\/wp\/v2\/pages\/120\/revisions\/1455"}],"wp:attachment":[{"href":"https:\/\/msc-nordhalben.de\/index.php?rest_route=%2Fwp%2Fv2%2Fmedia&parent=120"}],"curies":[{"name":"wp","href":"https:\/\/api.w.org\/{rel}","templated":true}]}}